{"id":5,"date":"2021-11-27T14:26:42","date_gmt":"2021-11-27T14:26:42","guid":{"rendered":"https:\/\/www.kalibracnilaborator.eu\/?page_id=5"},"modified":"2023-06-20T13:27:41","modified_gmt":"2023-06-20T13:27:41","slug":"scanlab-praha-s-r-o","status":"publish","type":"page","link":"https:\/\/www.kalibracnilaborator.eu\/","title":{"rendered":""},"content":{"rendered":"\n<div class=\"wp-block-columns is-layout-flex wp-container-core-columns-is-layout-9d6595d7 wp-block-columns-is-layout-flex\">\n<div class=\"wp-block-column is-layout-flow wp-block-column-is-layout-flow\" style=\"flex-basis:25%\"><div class=\"wp-block-image\">\n<figure class=\"aligncenter size-full is-resized\"><img loading=\"lazy\" decoding=\"async\" src=\"https:\/\/www.kalibracnilaborator.eu\/wp-content\/uploads\/2021\/11\/CK-2373-1.gif\" alt=\"\" class=\"wp-image-26\" width=\"99\" height=\"94\"\/><\/figure>\n<\/div><\/div>\n\n\n\n<div class=\"wp-block-column is-layout-flow wp-block-column-is-layout-flow\" style=\"flex-basis:50%\">\n<p class=\"has-text-align-center has-text-color has-large-font-size\" style=\"color:#0cd8c4\"><strong>Scanlab Praha s.r.o.<\/strong><\/p>\n\n\n\n<p class=\"has-text-align-center\">Komplexn\u00ed slu\u017eby v oblasti akreditovan\u00fdch kalibrac\u00ed pipet, teplom\u011br\u016f, teplot a homogenit teplotn\u00edho pole lednic\/mraz\u00e1k\u016f. Nab\u00edz\u00edme pipety v\u011bt\u0161iny v\u00fdrobc\u016f.<\/p>\n<\/div>\n\n\n\n<div class=\"wp-block-column is-layout-flow wp-block-column-is-layout-flow\" style=\"flex-basis:25%\"><div class=\"wp-block-image\">\n<figure class=\"aligncenter size-large is-resized\"><img loading=\"lazy\" decoding=\"async\" src=\"https:\/\/www.kalibracnilaborator.eu\/wp-content\/uploads\/2021\/11\/ScanLabPraha_logo_CMYK-1024x352.jpg\" alt=\"\" class=\"wp-image-27\" width=\"234\" height=\"80\" srcset=\"https:\/\/www.kalibracnilaborator.eu\/wp-content\/uploads\/2021\/11\/ScanLabPraha_logo_CMYK-1024x352.jpg 1024w, https:\/\/www.kalibracnilaborator.eu\/wp-content\/uploads\/2021\/11\/ScanLabPraha_logo_CMYK-300x103.jpg 300w, https:\/\/www.kalibracnilaborator.eu\/wp-content\/uploads\/2021\/11\/ScanLabPraha_logo_CMYK-768x264.jpg 768w, https:\/\/www.kalibracnilaborator.eu\/wp-content\/uploads\/2021\/11\/ScanLabPraha_logo_CMYK-1536x528.jpg 1536w, https:\/\/www.kalibracnilaborator.eu\/wp-content\/uploads\/2021\/11\/ScanLabPraha_logo_CMYK-2048x703.jpg 2048w\" sizes=\"auto, (max-width: 234px) 100vw, 234px\" \/><\/figure>\n<\/div><\/div>\n<\/div>\n\n\n\n<div style=\"height:29px\" aria-hidden=\"true\" class=\"wp-block-spacer\"><\/div>\n\n\n\n<div class=\"wp-block-columns is-layout-flex wp-container-core-columns-is-layout-9d6595d7 wp-block-columns-is-layout-flex\">\n<div class=\"wp-block-column is-layout-flow wp-block-column-is-layout-flow\">\n<p class=\"has-text-align-center has-light-green-cyan-color has-text-color has-medium-font-size\"><a href=\"http:\/\/www.kalibracepipet.cz\" data-type=\"URL\" data-id=\"www.kalibracepipet.cz\">www.kalibracepipet.cz<\/a><\/p>\n\n\n\n<p class=\"has-text-align-center\">Akreditovan\u00e9 kalibrace pipet a d\u00e1vkova\u010d\u016f. Akreditovan\u00fd rozsah od 1 \u00b5l do 100 ml.<\/p>\n\n\n\n<div style=\"height:50px\" aria-hidden=\"true\" class=\"wp-block-spacer\"><\/div>\n<\/div>\n\n\n\n<div class=\"wp-block-column is-layout-flow wp-block-column-is-layout-flow\">\n<p class=\"has-text-align-center has-light-green-cyan-color has-text-color has-medium-font-size\"><a href=\"http:\/\/www.kalibraceteplomeru.cz\">www.kalibraceteplomeru.cz<\/a><\/p>\n\n\n\n<p class=\"has-text-align-center\">Akreditovan\u00e9 kalibrace elektronick\u00fdch, sklen\u011bn\u00fdch a indika\u010dn\u00edch teplom\u011br\u016f. Akreditovan\u00fd rozsah od -30 do 130 \u00b0C. Akreditovan\u00e9 kalibrace teploty a homogenity teplotn\u00edho pole lednic a mraz\u00e1k\u016f.<\/p>\n<\/div>\n\n\n\n<div class=\"wp-block-column is-layout-flow wp-block-column-is-layout-flow\">\n<p class=\"has-text-align-center has-light-green-cyan-color has-text-color has-medium-font-size\"><a href=\"http:\/\/www.kalibracevlhkomeru.cz\">www.kalibracevlhkomeru.cz<\/a><\/p>\n\n\n\n<p>Akreditovan\u00e9 kalibrace vlhkom\u011br\u016f v rozsahu od 20 do 80 %RH.<\/p>\n\n\n\n<p><\/p>\n\n\n\n<p><\/p>\n\n\n\n<p><\/p>\n<\/div>\n<\/div>\n\n\n\n<div class=\"wp-block-columns is-layout-flex wp-container-core-columns-is-layout-9d6595d7 wp-block-columns-is-layout-flex\">\n<div class=\"wp-block-column is-layout-flow wp-block-column-is-layout-flow\">\n<figure class=\"wp-block-image size-large is-resized\"><img loading=\"lazy\" decoding=\"async\" src=\"https:\/\/www.kalibracnilaborator.eu\/wp-content\/uploads\/2022\/02\/kalibrace-pipet_use-1024x469.png\" alt=\"\" class=\"wp-image-49\" width=\"462\" height=\"211\" srcset=\"https:\/\/www.kalibracnilaborator.eu\/wp-content\/uploads\/2022\/02\/kalibrace-pipet_use-1024x469.png 1024w, https:\/\/www.kalibracnilaborator.eu\/wp-content\/uploads\/2022\/02\/kalibrace-pipet_use-300x138.png 300w, https:\/\/www.kalibracnilaborator.eu\/wp-content\/uploads\/2022\/02\/kalibrace-pipet_use-768x352.png 768w, https:\/\/www.kalibracnilaborator.eu\/wp-content\/uploads\/2022\/02\/kalibrace-pipet_use-1536x704.png 1536w, https:\/\/www.kalibracnilaborator.eu\/wp-content\/uploads\/2022\/02\/kalibrace-pipet_use.png 1920w\" sizes=\"auto, (max-width: 462px) 100vw, 462px\" \/><\/figure>\n<\/div>\n\n\n\n<div class=\"wp-block-column is-layout-flow wp-block-column-is-layout-flow\">\n<figure class=\"wp-block-image size-large is-resized\"><img loading=\"lazy\" decoding=\"async\" src=\"https:\/\/www.kalibracnilaborator.eu\/wp-content\/uploads\/2022\/02\/FireShot-Capture-007-kalibraceteplomeru.cz-\u2013-Akreditovane-kalibrace-teplomeru_-www.kalibraceteplomeru.cz_-1024x666.png\" alt=\"\" class=\"wp-image-47\" width=\"343\" height=\"223\" srcset=\"https:\/\/www.kalibracnilaborator.eu\/wp-content\/uploads\/2022\/02\/FireShot-Capture-007-kalibraceteplomeru.cz-\u2013-Akreditovane-kalibrace-teplomeru_-www.kalibraceteplomeru.cz_-1024x666.png 1024w, https:\/\/www.kalibracnilaborator.eu\/wp-content\/uploads\/2022\/02\/FireShot-Capture-007-kalibraceteplomeru.cz-\u2013-Akreditovane-kalibrace-teplomeru_-www.kalibraceteplomeru.cz_-300x195.png 300w, https:\/\/www.kalibracnilaborator.eu\/wp-content\/uploads\/2022\/02\/FireShot-Capture-007-kalibraceteplomeru.cz-\u2013-Akreditovane-kalibrace-teplomeru_-www.kalibraceteplomeru.cz_-768x499.png 768w, https:\/\/www.kalibracnilaborator.eu\/wp-content\/uploads\/2022\/02\/FireShot-Capture-007-kalibraceteplomeru.cz-\u2013-Akreditovane-kalibrace-teplomeru_-www.kalibraceteplomeru.cz_-1536x998.png 1536w, https:\/\/www.kalibracnilaborator.eu\/wp-content\/uploads\/2022\/02\/FireShot-Capture-007-kalibraceteplomeru.cz-\u2013-Akreditovane-kalibrace-teplomeru_-www.kalibraceteplomeru.cz_.png 1920w\" sizes=\"auto, (max-width: 343px) 100vw, 343px\" \/><\/figure>\n<\/div>\n\n\n\n<div class=\"wp-block-column is-layout-flow wp-block-column-is-layout-flow\">\n<figure class=\"wp-block-image size-large is-resized\"><img loading=\"lazy\" decoding=\"async\" src=\"https:\/\/www.kalibracnilaborator.eu\/wp-content\/uploads\/2022\/02\/kalibracevlhkomeru-1-1024x500.png\" alt=\"\" class=\"wp-image-48\" width=\"519\" height=\"253\" srcset=\"https:\/\/www.kalibracnilaborator.eu\/wp-content\/uploads\/2022\/02\/kalibracevlhkomeru-1-1024x500.png 1024w, https:\/\/www.kalibracnilaborator.eu\/wp-content\/uploads\/2022\/02\/kalibracevlhkomeru-1-300x146.png 300w, https:\/\/www.kalibracnilaborator.eu\/wp-content\/uploads\/2022\/02\/kalibracevlhkomeru-1-768x375.png 768w, https:\/\/www.kalibracnilaborator.eu\/wp-content\/uploads\/2022\/02\/kalibracevlhkomeru-1-1536x750.png 1536w, https:\/\/www.kalibracnilaborator.eu\/wp-content\/uploads\/2022\/02\/kalibracevlhkomeru-1.png 1920w\" sizes=\"auto, (max-width: 519px) 100vw, 519px\" \/><\/figure>\n<\/div>\n<\/div>\n\n\n\n<div class=\"wp-block-columns is-layout-flex wp-container-core-columns-is-layout-9d6595d7 wp-block-columns-is-layout-flex\">\n<div class=\"wp-block-column is-layout-flow wp-block-column-is-layout-flow\">\n<p class=\"has-light-green-cyan-color has-text-color has-medium-font-size\"><a href=\"http:\/\/www.pipety.eu\/\">www.pipety.eu<\/a><\/p>\n\n\n\n<p>A\u017e 400 model\u016f pipet a d\u00e1vkova\u010d\u016f na jednom m\u00edst\u011b! Prod\u00e1v\u00e1me zna\u010dky p\u0159edn\u00edch sv\u011btov\u00fdch v\u00fdrobc\u016f. Nab\u00edz\u00edme tak\u00e9 \u0161pi\u010dky. Pipety od n\u00e1s jsou v\u017edy v\u010detn\u011b akreditovan\u00e9 kalibrace.<\/p>\n\n\n\n<figure class=\"wp-block-image size-large is-resized\"><img loading=\"lazy\" decoding=\"async\" src=\"https:\/\/www.kalibracnilaborator.eu\/wp-content\/uploads\/2021\/11\/pipety-eu-1024x709.png\" alt=\"\" class=\"wp-image-17\" width=\"386\" height=\"267\" srcset=\"https:\/\/www.kalibracnilaborator.eu\/wp-content\/uploads\/2021\/11\/pipety-eu-1024x709.png 1024w, https:\/\/www.kalibracnilaborator.eu\/wp-content\/uploads\/2021\/11\/pipety-eu-300x208.png 300w, https:\/\/www.kalibracnilaborator.eu\/wp-content\/uploads\/2021\/11\/pipety-eu-768x532.png 768w, https:\/\/www.kalibracnilaborator.eu\/wp-content\/uploads\/2021\/11\/pipety-eu-1536x1064.png 1536w, https:\/\/www.kalibracnilaborator.eu\/wp-content\/uploads\/2021\/11\/pipety-eu.png 1920w\" sizes=\"auto, (max-width: 386px) 100vw, 386px\" \/><\/figure>\n<\/div>\n\n\n\n<div class=\"wp-block-column is-layout-flow wp-block-column-is-layout-flow\"><\/div>\n\n\n\n<div class=\"wp-block-column is-layout-flow wp-block-column-is-layout-flow\"><\/div>\n<\/div>\n","protected":false},"excerpt":{"rendered":"<p>Scanlab Praha s.r.o. Komplexn\u00ed slu\u017eby v oblasti akreditovan\u00fdch kalibrac\u00ed pipet, teplom\u011br\u016f, teplot a homogenit teplotn\u00edho pole lednic\/mraz\u00e1k\u016f. Nab\u00edz\u00edme pipety v\u011bt\u0161iny v\u00fdrobc\u016f. www.kalibracepipet.cz Akreditovan\u00e9 kalibrace pipet a d\u00e1vkova\u010d\u016f. Akreditovan\u00fd rozsah od 1 \u00b5l do 100 ml. www.kalibraceteplomeru.cz Akreditovan\u00e9 kalibrace elektronick\u00fdch, sklen\u011bn\u00fdch a indika\u010dn\u00edch teplom\u011br\u016f. Akreditovan\u00fd rozsah od -30 do 130 \u00b0C. Akreditovan\u00e9 kalibrace teploty a homogenity [&hellip;]<\/p>\n","protected":false},"author":1,"featured_media":0,"parent":0,"menu_order":0,"comment_status":"closed","ping_status":"closed","template":"","meta":{"spay_email":"","footnotes":""},"class_list":["post-5","page","type-page","status-publish","hentry"],"_links":{"self":[{"href":"https:\/\/www.kalibracnilaborator.eu\/index.php?rest_route=\/wp\/v2\/pages\/5","targetHints":{"allow":["GET"]}}],"collection":[{"href":"https:\/\/www.kalibracnilaborator.eu\/index.php?rest_route=\/wp\/v2\/pages"}],"about":[{"href":"https:\/\/www.kalibracnilaborator.eu\/index.php?rest_route=\/wp\/v2\/types\/page"}],"author":[{"embeddable":true,"href":"https:\/\/www.kalibracnilaborator.eu\/index.php?rest_route=\/wp\/v2\/users\/1"}],"replies":[{"embeddable":true,"href":"https:\/\/www.kalibracnilaborator.eu\/index.php?rest_route=%2Fwp%2Fv2%2Fcomments&post=5"}],"version-history":[{"count":20,"href":"https:\/\/www.kalibracnilaborator.eu\/index.php?rest_route=\/wp\/v2\/pages\/5\/revisions"}],"predecessor-version":[{"id":60,"href":"https:\/\/www.kalibracnilaborator.eu\/index.php?rest_route=\/wp\/v2\/pages\/5\/revisions\/60"}],"wp:attachment":[{"href":"https:\/\/www.kalibracnilaborator.eu\/index.php?rest_route=%2Fwp%2Fv2%2Fmedia&parent=5"}],"curies":[{"name":"wp","href":"https:\/\/api.w.org\/{rel}","templated":true}]}}